{"id":2659,"date":"2025-03-07T10:14:35","date_gmt":"2025-03-07T15:14:35","guid":{"rendered":"https:\/\/altercine.org\/soutenir-la-fondation\/"},"modified":"2025-11-20T10:03:18","modified_gmt":"2025-11-20T15:03:18","slug":"para-apoyar-la-fundacion","status":"publish","type":"page","link":"https:\/\/altercine.org\/es\/para-apoyar-la-fundacion\/","title":{"rendered":"Para apoyar la Fundaci\u00f3n"},"content":{"rendered":"<div class=\"wpb-content-wrapper\"><p>[vc_row padding_top_multiplier=\u00bbcustom\u00bb padding_bottom_multiplier=\u00bbcustom\u00bb rc_heading_color=\u00bbwhite\u00bb rc_bg_type=\u00bbimage\u00bb rc_bg_image=\u00bb470&#8243; rc_bg_color_overlay=\u00bbblack\u00bb rc_bg_opacity_overlay=\u00bb40&#8243; rc_font_color=\u00bb#FFFFFF\u00bb padding_top=\u00bb128px\u00bb padding_bottom=\u00bb35px\u00bb][vc_column grve_css=\u00bb{\u00abdesktop\u00ab:{\u00abmargin-left\u00ab:\u00ab15px\u00ab,\u00abclass\u00ab:\u00abgrve-wpb-1741980194221\u00ab}}\u00bb]<h1 class=\"grve-element grve-animated-text grve-animated-item grve-align-left grve-h2 grve-style-1\" data-style=\"style-1\" data-delay=\"0\" data-duration=\"normal\"><span class=\"grve-animated-entry\"><span class=\"grve-line\">Para apoyar la Fundaci\u00f3n<\/span><\/span><\/h1>[\/vc_column][\/vc_row][vc_row section_type=\u00bbcontainer-width\u00bb][vc_column]<div class=\"grve-empty-space grve-height-2x\"><\/div>[vc_column_text css=\u00bb\u00bb]El cine <strong>documental puede<\/strong> permitir un di\u00e1logo aut\u00e9ntico entre los individuos, los pueblos y las culturas, dentro de una perspectiva de desarrollo y cambio social.<\/p>\n<p>En algunos pa\u00edses, el documental independiente representa una de las pocas voces discordantes y libres, un instrumento de concientizaci\u00f3n, de reflexi\u00f3n y de debate, elementos esenciales para enfrentar los m\u00e9todos de control de reg\u00edmenes que son, con frecuencia, represivos e incluso polic\u00edacos. Por supuesto, le mantendremos informado de c\u00f3mo se ha gastado su contribuci\u00f3n.<\/p>\n<p><strong>La Fundacion Alter-Cine solicita su apoyo<\/strong><\/p>\n<p>\u00bfApoya usted los objetivos de la Fundaci\u00f3n Alter-Cin\u00e9?<\/p>\n<p>\u00bfCree usted que es importante que los\/las cineastas de \u00c1frica, \u00c1sia y Am\u00e9rica Latina produzcan sus propias im\u00e1genes y presenten una visi\u00f3n diferente de su propia realidad de la que proponen los grandes medios de comunicaci\u00f3n?<\/p>\n<p>\u00bfPiensa usted que el cine documental puede ser un instrumento de sensibilizaci\u00f3n, reflexi\u00f3n y debate que nos permita comprender mejor nuestro mundo y contribuir a transformarlo?<\/p>\n<p>Si es as\u00ed, le invitamos a apoyar financieramente a la Fundaci\u00f3n Alter-Cin\u00e9 por medio de un donativo. Puesto que la Fundaci\u00f3n depende totalmente del trabajo de sus voluntarios y que adem\u00e1s no tiene ning\u00fan gasto de administraci\u00f3n, de publicidad o de promoci\u00f3n, sus donaciones van \u00edntegramente al programa de becas.[\/vc_column_text]<div class=\"grve-empty-space grve-height-1x\"><\/div><div class=\"grve-element grve-align-inherit\"><a href=\"https:\/\/www.canadahelps.org\/en\/dn\/7054\" target=\"_blank\" class=\"grve-btn grve-extra-round grve-bg-primary-1 grve-border-primary-1 grve-bg-hover-black grve-border-hover-black grve-text-white grve-text-hover-white grve-btn-medium\">\r\n\t\t<span>Hacer un don en l\u00ednea<\/span>\r\n\t\t\t\t\t\t\t<\/a><\/div><div class=\"grve-empty-space grve-height-1x\"><\/div>[vc_column_text css=\u00bb\u00bb]O env\u00ede un cheque a:<\/p>\n<p><strong>Fundaci\u00f3n Alter-Cin\u00e9<\/strong><br \/>\n1275 avenue Van Horne, app. 34<br \/>\nMontr\u00e9al, QC<br \/>\nH2V 1K5<br \/>\nCANADA<\/p>\n<p><strong><u>Tambi\u00e9n es posible hacer una contribuci\u00f3n mayor<\/u><\/strong>, por ejemplo, dando el equivalente a una beca completa a un beneficiario. Esto se puede hacer a trav\u00e9s de una contribuci\u00f3n \u00fanica o en varias cuotas. Si desea hablar sobre esto, puede contactarnos por correo electr\u00f3nico: <a href=\"mailto:altercine@videotron.ca\">altercine@videotron.ca<\/a>.<\/p>\n<p>Para toda contribuci\u00f3n que exceda 20 d\u00f3lares, la Fundaci\u00f3n enviar\u00e1 un recibo para declaraci\u00f3n de impuestos.[\/vc_column_text][\/vc_column][\/vc_row][vc_row section_type=\u00bbfullwidth\u00bb padding_top_multiplier=\u00bb2x\u00bb padding_bottom_multiplier=\u00bb\u00bb][vc_column width=\u00bb1\/2&#8243; rc_bg_type=\u00bbimage\u00bb rc_bg_image=\u00bb3508&#8243; rc_bg_position=\u00bbleft-center\u00bb]<div style=\"height: 500px;\" class=\"grve-empty-space\"><\/div>[\/vc_column][vc_column width=\u00bb1\/2&#8243; rc_bg_type=\u00bbimage\u00bb rc_bg_image=\u00bb3517&#8243;]<div style=\"height: 500px;\" class=\"grve-empty-space\"><\/div>[\/vc_column][\/vc_row]<\/p>\n<\/div>","protected":false},"excerpt":{"rendered":"<p>[vc_row padding_top_multiplier=\u00bbcustom\u00bb padding_bottom_multiplier=\u00bbcustom\u00bb rc_heading_color=\u00bbwhite\u00bb rc_bg_type=\u00bbimage\u00bb rc_bg_image=\u00bb470&#8243; rc_bg_color_overlay=\u00bbblack\u00bb rc_bg_opacity_overlay=\u00bb40&#8243; rc_font_color=\u00bb#FFFFFF\u00bb padding_top=\u00bb128px\u00bb padding_bottom=\u00bb35px\u00bb][vc_column grve_css=\u00bb{\u00abdesktop\u00ab:{\u00abmargin-left\u00ab:\u00ab15px\u00ab,\u00abclass\u00ab:\u00abgrve-wpb-1741980194221\u00ab}}\u00bb][\/vc_column][\/vc_row][vc_row section_type=\u00bbcontainer-width\u00bb][vc_column][vc_column_text css=\u00bb\u00bb]El cine documental puede permitir un di\u00e1logo aut\u00e9ntico entre los individuos, los pueblos y las culturas, dentro de una perspectiva de desarrollo y cambio social. En algunos pa\u00edses, el documental independiente representa una de las pocas voces discordantes y libres, un instrumento [&hellip;]<\/p>\n","protected":false},"author":1,"featured_media":0,"parent":0,"menu_order":0,"comment_status":"closed","ping_status":"closed","template":"","meta":{"footnotes":""},"class_list":["post-2659","page","type-page","status-publish","hentry","grve-entry-item"],"yoast_head":"<!-- This site is optimized with the Yoast SEO plugin v27.3 - https:\/\/yoast.com\/product\/yoast-seo-wordpress\/ -->\n<title>Para apoyar la Fundaci\u00f3n - Alter-Cin\u00e9<\/title>\n<meta name=\"robots\" content=\"index, follow, max-snippet:-1, max-image-preview:large, max-video-preview:-1\" \/>\n<link rel=\"canonical\" href=\"https:\/\/altercine.org\/es\/para-apoyar-la-fundacion\/\" \/>\n<meta property=\"og:locale\" content=\"es_ES\" \/>\n<meta property=\"og:type\" content=\"article\" \/>\n<meta property=\"og:title\" content=\"Para apoyar la Fundaci\u00f3n - Alter-Cin\u00e9\" \/>\n<meta property=\"og:description\" content=\"[vc_row padding_top_multiplier=\u00bbcustom\u00bb padding_bottom_multiplier=\u00bbcustom\u00bb rc_heading_color=\u00bbwhite\u00bb rc_bg_type=\u00bbimage\u00bb rc_bg_image=\u00bb470&#8243; rc_bg_color_overlay=\u00bbblack\u00bb rc_bg_opacity_overlay=\u00bb40&#8243; rc_font_color=\u00bb#FFFFFF\u00bb padding_top=\u00bb128px\u00bb padding_bottom=\u00bb35px\u00bb][vc_column grve_css=\u00bb{\u00abdesktop\u00ab:{\u00abmargin-left\u00ab:\u00ab15px\u00ab,\u00abclass\u00ab:\u00abgrve-wpb-1741980194221\u00ab}}\u00bb][\/vc_column][\/vc_row][vc_row section_type=\u00bbcontainer-width\u00bb][vc_column][vc_column_text css=\u00bb\u00bb]El cine documental puede permitir un di\u00e1logo aut\u00e9ntico entre los individuos, los pueblos y las culturas, dentro de una perspectiva de desarrollo y cambio social. En algunos pa\u00edses, el documental independiente representa una de las pocas voces discordantes y libres, un instrumento [&hellip;]\" \/>\n<meta property=\"og:url\" content=\"https:\/\/altercine.org\/es\/para-apoyar-la-fundacion\/\" \/>\n<meta property=\"og:site_name\" content=\"Alter-Cin\u00e9\" \/>\n<meta property=\"article:publisher\" content=\"https:\/\/www.facebook.com\/cinemadoc\/\" \/>\n<meta property=\"article:modified_time\" content=\"2025-11-20T15:03:18+00:00\" \/>\n<meta property=\"og:image\" content=\"https:\/\/altercine.org\/wp-content\/uploads\/2025\/11\/share-altercine.jpg\" \/>\n\t<meta property=\"og:image:width\" content=\"1200\" \/>\n\t<meta property=\"og:image:height\" content=\"675\" \/>\n\t<meta property=\"og:image:type\" content=\"image\/jpeg\" \/>\n<meta name=\"twitter:card\" content=\"summary_large_image\" \/>\n<meta name=\"twitter:label1\" content=\"Tiempo de lectura\" \/>\n\t<meta name=\"twitter:data1\" content=\"3 minutos\" \/>\n<script type=\"application\/ld+json\" class=\"yoast-schema-graph\">{\"@context\":\"https:\\\/\\\/schema.org\",\"@graph\":[{\"@type\":\"WebPage\",\"@id\":\"https:\\\/\\\/altercine.org\\\/es\\\/para-apoyar-la-fundacion\\\/\",\"url\":\"https:\\\/\\\/altercine.org\\\/es\\\/para-apoyar-la-fundacion\\\/\",\"name\":\"Para apoyar la Fundaci\u00f3n - Alter-Cin\u00e9\",\"isPartOf\":{\"@id\":\"https:\\\/\\\/altercine.org\\\/es\\\/#website\"},\"datePublished\":\"2025-03-07T15:14:35+00:00\",\"dateModified\":\"2025-11-20T15:03:18+00:00\",\"breadcrumb\":{\"@id\":\"https:\\\/\\\/altercine.org\\\/es\\\/para-apoyar-la-fundacion\\\/#breadcrumb\"},\"inLanguage\":\"es\",\"potentialAction\":[{\"@type\":\"ReadAction\",\"target\":[\"https:\\\/\\\/altercine.org\\\/es\\\/para-apoyar-la-fundacion\\\/\"]}]},{\"@type\":\"BreadcrumbList\",\"@id\":\"https:\\\/\\\/altercine.org\\\/es\\\/para-apoyar-la-fundacion\\\/#breadcrumb\",\"itemListElement\":[{\"@type\":\"ListItem\",\"position\":1,\"name\":\"Accueil\",\"item\":\"https:\\\/\\\/altercine.org\\\/es\\\/\"},{\"@type\":\"ListItem\",\"position\":2,\"name\":\"Para apoyar la Fundaci\u00f3n\"}]},{\"@type\":\"WebSite\",\"@id\":\"https:\\\/\\\/altercine.org\\\/es\\\/#website\",\"url\":\"https:\\\/\\\/altercine.org\\\/es\\\/\",\"name\":\"Alter-Cin\u00e9\",\"description\":\"Fondation\",\"publisher\":{\"@id\":\"https:\\\/\\\/altercine.org\\\/es\\\/#organization\"},\"alternateName\":\"Altercin\u00e9\",\"potentialAction\":[{\"@type\":\"SearchAction\",\"target\":{\"@type\":\"EntryPoint\",\"urlTemplate\":\"https:\\\/\\\/altercine.org\\\/es\\\/?s={search_term_string}\"},\"query-input\":{\"@type\":\"PropertyValueSpecification\",\"valueRequired\":true,\"valueName\":\"search_term_string\"}}],\"inLanguage\":\"es\"},{\"@type\":\"Organization\",\"@id\":\"https:\\\/\\\/altercine.org\\\/es\\\/#organization\",\"name\":\"Alter-Cin\u00e9\",\"url\":\"https:\\\/\\\/altercine.org\\\/es\\\/\",\"logo\":{\"@type\":\"ImageObject\",\"inLanguage\":\"es\",\"@id\":\"https:\\\/\\\/altercine.org\\\/es\\\/#\\\/schema\\\/logo\\\/image\\\/\",\"url\":\"https:\\\/\\\/altercine.org\\\/wp-content\\\/uploads\\\/2025\\\/11\\\/share-altercine.jpg\",\"contentUrl\":\"https:\\\/\\\/altercine.org\\\/wp-content\\\/uploads\\\/2025\\\/11\\\/share-altercine.jpg\",\"width\":1200,\"height\":675,\"caption\":\"Alter-Cin\u00e9\"},\"image\":{\"@id\":\"https:\\\/\\\/altercine.org\\\/es\\\/#\\\/schema\\\/logo\\\/image\\\/\"},\"sameAs\":[\"https:\\\/\\\/www.facebook.com\\\/cinemadoc\\\/\"]}]}<\/script>\n<!-- \/ Yoast SEO plugin. -->","yoast_head_json":{"title":"Para apoyar la Fundaci\u00f3n - Alter-Cin\u00e9","robots":{"index":"index","follow":"follow","max-snippet":"max-snippet:-1","max-image-preview":"max-image-preview:large","max-video-preview":"max-video-preview:-1"},"canonical":"https:\/\/altercine.org\/es\/para-apoyar-la-fundacion\/","og_locale":"es_ES","og_type":"article","og_title":"Para apoyar la Fundaci\u00f3n - Alter-Cin\u00e9","og_description":"[vc_row padding_top_multiplier=\u00bbcustom\u00bb padding_bottom_multiplier=\u00bbcustom\u00bb rc_heading_color=\u00bbwhite\u00bb rc_bg_type=\u00bbimage\u00bb rc_bg_image=\u00bb470&#8243; rc_bg_color_overlay=\u00bbblack\u00bb rc_bg_opacity_overlay=\u00bb40&#8243; rc_font_color=\u00bb#FFFFFF\u00bb padding_top=\u00bb128px\u00bb padding_bottom=\u00bb35px\u00bb][vc_column grve_css=\u00bb{\u00abdesktop\u00ab:{\u00abmargin-left\u00ab:\u00ab15px\u00ab,\u00abclass\u00ab:\u00abgrve-wpb-1741980194221\u00ab}}\u00bb][\/vc_column][\/vc_row][vc_row section_type=\u00bbcontainer-width\u00bb][vc_column][vc_column_text css=\u00bb\u00bb]El cine documental puede permitir un di\u00e1logo aut\u00e9ntico entre los individuos, los pueblos y las culturas, dentro de una perspectiva de desarrollo y cambio social. En algunos pa\u00edses, el documental independiente representa una de las pocas voces discordantes y libres, un instrumento [&hellip;]","og_url":"https:\/\/altercine.org\/es\/para-apoyar-la-fundacion\/","og_site_name":"Alter-Cin\u00e9","article_publisher":"https:\/\/www.facebook.com\/cinemadoc\/","article_modified_time":"2025-11-20T15:03:18+00:00","og_image":[{"width":1200,"height":675,"url":"https:\/\/altercine.org\/wp-content\/uploads\/2025\/11\/share-altercine.jpg","type":"image\/jpeg"}],"twitter_card":"summary_large_image","twitter_misc":{"Tiempo de lectura":"3 minutos"},"schema":{"@context":"https:\/\/schema.org","@graph":[{"@type":"WebPage","@id":"https:\/\/altercine.org\/es\/para-apoyar-la-fundacion\/","url":"https:\/\/altercine.org\/es\/para-apoyar-la-fundacion\/","name":"Para apoyar la Fundaci\u00f3n - Alter-Cin\u00e9","isPartOf":{"@id":"https:\/\/altercine.org\/es\/#website"},"datePublished":"2025-03-07T15:14:35+00:00","dateModified":"2025-11-20T15:03:18+00:00","breadcrumb":{"@id":"https:\/\/altercine.org\/es\/para-apoyar-la-fundacion\/#breadcrumb"},"inLanguage":"es","potentialAction":[{"@type":"ReadAction","target":["https:\/\/altercine.org\/es\/para-apoyar-la-fundacion\/"]}]},{"@type":"BreadcrumbList","@id":"https:\/\/altercine.org\/es\/para-apoyar-la-fundacion\/#breadcrumb","itemListElement":[{"@type":"ListItem","position":1,"name":"Accueil","item":"https:\/\/altercine.org\/es\/"},{"@type":"ListItem","position":2,"name":"Para apoyar la Fundaci\u00f3n"}]},{"@type":"WebSite","@id":"https:\/\/altercine.org\/es\/#website","url":"https:\/\/altercine.org\/es\/","name":"Alter-Cin\u00e9","description":"Fondation","publisher":{"@id":"https:\/\/altercine.org\/es\/#organization"},"alternateName":"Altercin\u00e9","potentialAction":[{"@type":"SearchAction","target":{"@type":"EntryPoint","urlTemplate":"https:\/\/altercine.org\/es\/?s={search_term_string}"},"query-input":{"@type":"PropertyValueSpecification","valueRequired":true,"valueName":"search_term_string"}}],"inLanguage":"es"},{"@type":"Organization","@id":"https:\/\/altercine.org\/es\/#organization","name":"Alter-Cin\u00e9","url":"https:\/\/altercine.org\/es\/","logo":{"@type":"ImageObject","inLanguage":"es","@id":"https:\/\/altercine.org\/es\/#\/schema\/logo\/image\/","url":"https:\/\/altercine.org\/wp-content\/uploads\/2025\/11\/share-altercine.jpg","contentUrl":"https:\/\/altercine.org\/wp-content\/uploads\/2025\/11\/share-altercine.jpg","width":1200,"height":675,"caption":"Alter-Cin\u00e9"},"image":{"@id":"https:\/\/altercine.org\/es\/#\/schema\/logo\/image\/"},"sameAs":["https:\/\/www.facebook.com\/cinemadoc\/"]}]}},"_links":{"self":[{"href":"https:\/\/altercine.org\/es\/wp-json\/wp\/v2\/pages\/2659","targetHints":{"allow":["GET"]}}],"collection":[{"href":"https:\/\/altercine.org\/es\/wp-json\/wp\/v2\/pages"}],"about":[{"href":"https:\/\/altercine.org\/es\/wp-json\/wp\/v2\/types\/page"}],"author":[{"embeddable":true,"href":"https:\/\/altercine.org\/es\/wp-json\/wp\/v2\/users\/1"}],"replies":[{"embeddable":true,"href":"https:\/\/altercine.org\/es\/wp-json\/wp\/v2\/comments?post=2659"}],"version-history":[{"count":15,"href":"https:\/\/altercine.org\/es\/wp-json\/wp\/v2\/pages\/2659\/revisions"}],"predecessor-version":[{"id":3623,"href":"https:\/\/altercine.org\/es\/wp-json\/wp\/v2\/pages\/2659\/revisions\/3623"}],"wp:attachment":[{"href":"https:\/\/altercine.org\/es\/wp-json\/wp\/v2\/media?parent=2659"}],"curies":[{"name":"wp","href":"https:\/\/api.w.org\/{rel}","templated":true}]}}