{"id":2479,"date":"2025-03-07T10:14:35","date_gmt":"2025-03-07T15:14:35","guid":{"rendered":"https:\/\/altercine.org\/contactez-nous\/"},"modified":"2025-11-20T09:47:09","modified_gmt":"2025-11-20T14:47:09","slug":"contact-us","status":"publish","type":"page","link":"https:\/\/altercine.org\/en\/contact-us\/","title":{"rendered":"Contact Us"},"content":{"rendered":"<div class=\"wpb-content-wrapper\"><p>[vc_row padding_top_multiplier=&#8221;custom&#8221; padding_bottom_multiplier=&#8221;custom&#8221; rc_heading_color=&#8221;white&#8221; rc_bg_type=&#8221;image&#8221; rc_bg_image=&#8221;480&#8243; rc_bg_color_overlay=&#8221;black&#8221; rc_bg_opacity_overlay=&#8221;20&#8243; rc_font_color=&#8221;#FFFFFF&#8221; padding_top=&#8221;128px&#8221; padding_bottom=&#8221;35px&#8221;][vc_column grve_css=&#8221;{&#8220;desktop&#8220;:{&#8220;margin-left&#8220;:&#8220;15px&#8220;,&#8220;class&#8220;:&#8220;grve-wpb-1741980010399&#8220;}}&#8221;]<h1 class=\"grve-element grve-animated-text grve-animated-item grve-align-left grve-h2 grve-style-1\" data-style=\"style-1\" data-delay=\"0\" data-duration=\"normal\"><span class=\"grve-animated-entry\"><span class=\"grve-line\">Contact Us<\/span><\/span><\/h1>[\/vc_column][\/vc_row][vc_row section_type=&#8221;container-width&#8221;][vc_column width=&#8221;2\/3&#8243; content_width=&#8221;90&#8243;]<div class=\"grve-empty-space grve-height-2x\"><\/div>\n<div class=\"wpcf7 no-js\" id=\"wpcf7-f2873-o1\" lang=\"en-US\" dir=\"ltr\" data-wpcf7-id=\"2873\">\n<div class=\"screen-reader-response\"><p role=\"status\" aria-live=\"polite\" aria-atomic=\"true\"><\/p> <ul><\/ul><\/div>\n<form action=\"\/en\/wp-json\/wp\/v2\/pages\/2479#wpcf7-f2873-o1\" method=\"post\" class=\"wpcf7-form init\" aria-label=\"Contact form\" novalidate=\"novalidate\" data-status=\"init\">\n<fieldset class=\"hidden-fields-container\"><input type=\"hidden\" name=\"_wpcf7\" value=\"2873\" \/><input type=\"hidden\" name=\"_wpcf7_version\" value=\"6.1.5\" \/><input type=\"hidden\" name=\"_wpcf7_locale\" value=\"en_US\" \/><input type=\"hidden\" name=\"_wpcf7_unit_tag\" value=\"wpcf7-f2873-o1\" \/><input type=\"hidden\" name=\"_wpcf7_container_post\" value=\"0\" \/><input type=\"hidden\" name=\"_wpcf7_posted_data_hash\" value=\"\" \/><input type=\"hidden\" name=\"_wpcf7_recaptcha_response\" value=\"\" \/>\n<\/fieldset>\n<div class=\"cf7-grid\">\n\n<div class=\"cf7-full-width\">\n\n<p><label> Name <span class=\"req\">*<\/span>\n    <span class=\"wpcf7-form-control-wrap\" data-name=\"nom\"><input size=\"40\" maxlength=\"400\" class=\"wpcf7-form-control wpcf7-text wpcf7-validates-as-required\" aria-required=\"true\" aria-invalid=\"false\" value=\"\" type=\"text\" name=\"nom\" \/><\/span> <\/label><\/p>\n\n<p><label> Email <span class=\"req\">*<\/span>\n    <span class=\"wpcf7-form-control-wrap\" data-name=\"contact-email\"><input size=\"40\" maxlength=\"400\" class=\"wpcf7-form-control wpcf7-email wpcf7-validates-as-required wpcf7-text wpcf7-validates-as-email\" autocomplete=\"email\" aria-required=\"true\" aria-invalid=\"false\" value=\"\" type=\"email\" name=\"contact-email\" \/><\/span> <\/label><\/p>\n\n<p><label> Subject <span class=\"req\">*<\/span>\n    <span class=\"wpcf7-form-control-wrap\" data-name=\"sujet\"><input size=\"40\" maxlength=\"400\" class=\"wpcf7-form-control wpcf7-text wpcf7-validates-as-required\" aria-required=\"true\" aria-invalid=\"false\" value=\"\" type=\"text\" name=\"sujet\" \/><\/span> <\/label><\/p>\n\n<p><label> Message <span class=\"req\">*<\/span><br>\n    <span class=\"wpcf7-form-control-wrap\" data-name=\"message\"><textarea cols=\"40\" rows=\"10\" maxlength=\"2000\" class=\"wpcf7-form-control wpcf7-textarea wpcf7-validates-as-required\" aria-required=\"true\" aria-invalid=\"false\" name=\"message\"><\/textarea><\/span> <\/label><\/p>\n\n<\/div>\n\n<p><input class=\"wpcf7-form-control wpcf7-submit has-spinner\" type=\"submit\" value=\"Send\" \/><\/p>\n\n<\/div><div class=\"wpcf7-response-output\" aria-hidden=\"true\"><\/div>\n<\/form>\n<\/div>\n[\/vc_column][vc_column width=&#8221;1\/3&#8243;]<div class=\"grve-empty-space grve-height-2x\"><\/div>[vc_column_text css=&#8221;&#8221;]<\/p>\n<h6><b><span lang=\"FR-CA\">Alter-Cin\u00e9 Foundation<br \/>\n<\/span><\/b><\/h6>\n<div>1275 Van Horne Avenue, app. 34<br \/>\nMontr\u00e9al (Qu\u00e9bec)<br \/>\nH2V 1K5<br \/>\nCANADA<\/div>\n<p>[\/vc_column_text]<div class=\"grve-empty-space grve-height-1x\"><\/div><div class=\"grve-element grve-align-inherit\"><a href=\"mailto:altercine@videotron.ca\" class=\"grve-btn-text grve-btn-line grve-line-left grve-text-black grve-text-hover-black grve-btn-medium\">\r\n\t\t<div class=\"grve-btn-inner\">\r\n\t\t<span>altercine@videotron.ca<\/span>\r\n\t\t\t<span class=\"grve-line grve-bg-primary-1\"><\/span>\r\n\t\t\t\t\t\t\t<\/div>\r\n\t<\/a><\/div><div class=\"grve-empty-space grve-height-1x\"><\/div>\t<div id=\"social-links-1750359545622-090cc241-9de0\" class=\"grve-element grve-social grve-align-center grve-icon-type grve-space-0 grve-icon-medium\">\r\n\t\t<ul>\r\n\t\t\t\t\t\t\t\t<li>\r\n\t\t\t\t\t\t\t<a href=\"https:\/\/www.facebook.com\/cinemadoc\/\" class=\"grve-round grve-with-shape grve-simple grve-bg-primary-2\" target=\"_blank\" rel=\"noopener noreferrer\">\r\n\t\t\t\t\t\t\t\t<span class=\"grve-icon grve-text-white fab fa-facebook-f\"><\/span>\r\n\t\t\t\t\t\t\t\t<span class=\"screen-reader-text\">Facebook<\/span>\r\n\t\t\t\t\t\t\t<\/a>\r\n\t\t\t\t\t\t<\/li>\r\n\t\t\t\t<\/ul>\r\n\t<\/div>\r\n[\/vc_column][\/vc_row][vc_row section_type=&#8221;fullwidth&#8221; padding_top_multiplier=&#8221;2x&#8221; padding_bottom_multiplier=&#8221;&#8221;][vc_column width=&#8221;1\/2&#8243; rc_bg_type=&#8221;image&#8221; rc_bg_image=&#8221;3604&#8243;]<div style=\"height: 500px;\" class=\"grve-empty-space\"><\/div>[\/vc_column][vc_column width=&#8221;1\/2&#8243; rc_bg_type=&#8221;image&#8221; rc_bg_image=&#8221;3527&#8243;]<div style=\"height: 500px;\" class=\"grve-empty-space\"><\/div>[\/vc_column][\/vc_row]<\/p>\n<\/div>","protected":false},"excerpt":{"rendered":"<p>[vc_row padding_top_multiplier=&#8221;custom&#8221; padding_bottom_multiplier=&#8221;custom&#8221; rc_heading_color=&#8221;white&#8221; rc_bg_type=&#8221;image&#8221; rc_bg_image=&#8221;480&#8243; rc_bg_color_overlay=&#8221;black&#8221; rc_bg_opacity_overlay=&#8221;20&#8243; rc_font_color=&#8221;#FFFFFF&#8221; padding_top=&#8221;128px&#8221; padding_bottom=&#8221;35px&#8221;][vc_column grve_css=&#8221;{&#8220;desktop&#8220;:{&#8220;margin-left&#8220;:&#8220;15px&#8220;,&#8220;class&#8220;:&#8220;grve-wpb-1741980010399&#8220;}}&#8221;][\/vc_column][\/vc_row][vc_row section_type=&#8221;container-width&#8221;][vc_column width=&#8221;2\/3&#8243; content_width=&#8221;90&#8243;][\/vc_column][vc_column width=&#8221;1\/3&#8243;][vc_column_text css=&#8221;&#8221;] Alter-Cin\u00e9 Foundation 1275 Van Horne Avenue, app. 34 Montr\u00e9al (Qu\u00e9bec) H2V 1K5 CANADA [\/vc_column_text][\/vc_column][\/vc_row][vc_row section_type=&#8221;fullwidth&#8221; padding_top_multiplier=&#8221;2x&#8221; padding_bottom_multiplier=&#8221;&#8221;][vc_column width=&#8221;1\/2&#8243; rc_bg_type=&#8221;image&#8221; rc_bg_image=&#8221;3604&#8243;][\/vc_column][vc_column width=&#8221;1\/2&#8243; rc_bg_type=&#8221;image&#8221; rc_bg_image=&#8221;3527&#8243;][\/vc_column][\/vc_row]<\/p>\n","protected":false},"author":1,"featured_media":0,"parent":0,"menu_order":0,"comment_status":"closed","ping_status":"closed","template":"","meta":{"footnotes":""},"class_list":["post-2479","page","type-page","status-publish","hentry","grve-entry-item"],"yoast_head":"<!-- This site is optimized with the Yoast SEO plugin v27.3 - https:\/\/yoast.com\/product\/yoast-seo-wordpress\/ -->\n<title>Contact Us - Alter-Cin\u00e9<\/title>\n<meta name=\"robots\" content=\"index, follow, max-snippet:-1, max-image-preview:large, max-video-preview:-1\" \/>\n<link rel=\"canonical\" href=\"https:\/\/altercine.org\/en\/contact-us\/\" \/>\n<meta property=\"og:locale\" content=\"en_US\" \/>\n<meta property=\"og:type\" content=\"article\" \/>\n<meta property=\"og:title\" content=\"Contact Us - Alter-Cin\u00e9\" \/>\n<meta property=\"og:description\" content=\"[vc_row padding_top_multiplier=&#8221;custom&#8221; padding_bottom_multiplier=&#8221;custom&#8221; rc_heading_color=&#8221;white&#8221; rc_bg_type=&#8221;image&#8221; rc_bg_image=&#8221;480&#8243; rc_bg_color_overlay=&#8221;black&#8221; rc_bg_opacity_overlay=&#8221;20&#8243; rc_font_color=&#8221;#FFFFFF&#8221; padding_top=&#8221;128px&#8221; padding_bottom=&#8221;35px&#8221;][vc_column grve_css=&#8221;{&#8220;desktop&#8220;:{&#8220;margin-left&#8220;:&#8220;15px&#8220;,&#8220;class&#8220;:&#8220;grve-wpb-1741980010399&#8220;}}&#8221;][\/vc_column][\/vc_row][vc_row section_type=&#8221;container-width&#8221;][vc_column width=&#8221;2\/3&#8243; content_width=&#8221;90&#8243;][\/vc_column][vc_column width=&#8221;1\/3&#8243;][vc_column_text css=&#8221;&#8221;] Alter-Cin\u00e9 Foundation 1275 Van Horne Avenue, app. 34 Montr\u00e9al (Qu\u00e9bec) H2V 1K5 CANADA [\/vc_column_text][\/vc_column][\/vc_row][vc_row section_type=&#8221;fullwidth&#8221; padding_top_multiplier=&#8221;2x&#8221; padding_bottom_multiplier=&#8221;&#8221;][vc_column width=&#8221;1\/2&#8243; rc_bg_type=&#8221;image&#8221; rc_bg_image=&#8221;3604&#8243;][\/vc_column][vc_column width=&#8221;1\/2&#8243; rc_bg_type=&#8221;image&#8221; rc_bg_image=&#8221;3527&#8243;][\/vc_column][\/vc_row]\" \/>\n<meta property=\"og:url\" content=\"https:\/\/altercine.org\/en\/contact-us\/\" \/>\n<meta property=\"og:site_name\" content=\"Alter-Cin\u00e9\" \/>\n<meta property=\"article:publisher\" content=\"https:\/\/www.facebook.com\/cinemadoc\/\" \/>\n<meta property=\"article:modified_time\" content=\"2025-11-20T14:47:09+00:00\" \/>\n<meta property=\"og:image\" content=\"https:\/\/altercine.org\/wp-content\/uploads\/2025\/11\/share-altercine.jpg\" \/>\n\t<meta property=\"og:image:width\" content=\"1200\" \/>\n\t<meta property=\"og:image:height\" content=\"675\" \/>\n\t<meta property=\"og:image:type\" content=\"image\/jpeg\" \/>\n<meta name=\"twitter:card\" content=\"summary_large_image\" \/>\n<meta name=\"twitter:label1\" content=\"Est. reading time\" \/>\n\t<meta name=\"twitter:data1\" content=\"1 minute\" \/>\n<script type=\"application\/ld+json\" class=\"yoast-schema-graph\">{\"@context\":\"https:\\\/\\\/schema.org\",\"@graph\":[{\"@type\":\"WebPage\",\"@id\":\"https:\\\/\\\/altercine.org\\\/en\\\/contact-us\\\/\",\"url\":\"https:\\\/\\\/altercine.org\\\/en\\\/contact-us\\\/\",\"name\":\"Contact Us - Alter-Cin\u00e9\",\"isPartOf\":{\"@id\":\"https:\\\/\\\/altercine.org\\\/en\\\/#website\"},\"datePublished\":\"2025-03-07T15:14:35+00:00\",\"dateModified\":\"2025-11-20T14:47:09+00:00\",\"breadcrumb\":{\"@id\":\"https:\\\/\\\/altercine.org\\\/en\\\/contact-us\\\/#breadcrumb\"},\"inLanguage\":\"en-US\",\"potentialAction\":[{\"@type\":\"ReadAction\",\"target\":[\"https:\\\/\\\/altercine.org\\\/en\\\/contact-us\\\/\"]}]},{\"@type\":\"BreadcrumbList\",\"@id\":\"https:\\\/\\\/altercine.org\\\/en\\\/contact-us\\\/#breadcrumb\",\"itemListElement\":[{\"@type\":\"ListItem\",\"position\":1,\"name\":\"Accueil\",\"item\":\"https:\\\/\\\/altercine.org\\\/en\\\/\"},{\"@type\":\"ListItem\",\"position\":2,\"name\":\"Contact Us\"}]},{\"@type\":\"WebSite\",\"@id\":\"https:\\\/\\\/altercine.org\\\/en\\\/#website\",\"url\":\"https:\\\/\\\/altercine.org\\\/en\\\/\",\"name\":\"Alter-Cin\u00e9\",\"description\":\"Fondation\",\"publisher\":{\"@id\":\"https:\\\/\\\/altercine.org\\\/en\\\/#organization\"},\"alternateName\":\"Altercin\u00e9\",\"potentialAction\":[{\"@type\":\"SearchAction\",\"target\":{\"@type\":\"EntryPoint\",\"urlTemplate\":\"https:\\\/\\\/altercine.org\\\/en\\\/?s={search_term_string}\"},\"query-input\":{\"@type\":\"PropertyValueSpecification\",\"valueRequired\":true,\"valueName\":\"search_term_string\"}}],\"inLanguage\":\"en-US\"},{\"@type\":\"Organization\",\"@id\":\"https:\\\/\\\/altercine.org\\\/en\\\/#organization\",\"name\":\"Alter-Cin\u00e9\",\"url\":\"https:\\\/\\\/altercine.org\\\/en\\\/\",\"logo\":{\"@type\":\"ImageObject\",\"inLanguage\":\"en-US\",\"@id\":\"https:\\\/\\\/altercine.org\\\/en\\\/#\\\/schema\\\/logo\\\/image\\\/\",\"url\":\"https:\\\/\\\/altercine.org\\\/wp-content\\\/uploads\\\/2025\\\/11\\\/share-altercine.jpg\",\"contentUrl\":\"https:\\\/\\\/altercine.org\\\/wp-content\\\/uploads\\\/2025\\\/11\\\/share-altercine.jpg\",\"width\":1200,\"height\":675,\"caption\":\"Alter-Cin\u00e9\"},\"image\":{\"@id\":\"https:\\\/\\\/altercine.org\\\/en\\\/#\\\/schema\\\/logo\\\/image\\\/\"},\"sameAs\":[\"https:\\\/\\\/www.facebook.com\\\/cinemadoc\\\/\"]}]}<\/script>\n<!-- \/ Yoast SEO plugin. -->","yoast_head_json":{"title":"Contact Us - Alter-Cin\u00e9","robots":{"index":"index","follow":"follow","max-snippet":"max-snippet:-1","max-image-preview":"max-image-preview:large","max-video-preview":"max-video-preview:-1"},"canonical":"https:\/\/altercine.org\/en\/contact-us\/","og_locale":"en_US","og_type":"article","og_title":"Contact Us - Alter-Cin\u00e9","og_description":"[vc_row padding_top_multiplier=&#8221;custom&#8221; padding_bottom_multiplier=&#8221;custom&#8221; rc_heading_color=&#8221;white&#8221; rc_bg_type=&#8221;image&#8221; rc_bg_image=&#8221;480&#8243; rc_bg_color_overlay=&#8221;black&#8221; rc_bg_opacity_overlay=&#8221;20&#8243; rc_font_color=&#8221;#FFFFFF&#8221; padding_top=&#8221;128px&#8221; padding_bottom=&#8221;35px&#8221;][vc_column grve_css=&#8221;{&#8220;desktop&#8220;:{&#8220;margin-left&#8220;:&#8220;15px&#8220;,&#8220;class&#8220;:&#8220;grve-wpb-1741980010399&#8220;}}&#8221;][\/vc_column][\/vc_row][vc_row section_type=&#8221;container-width&#8221;][vc_column width=&#8221;2\/3&#8243; content_width=&#8221;90&#8243;][\/vc_column][vc_column width=&#8221;1\/3&#8243;][vc_column_text css=&#8221;&#8221;] Alter-Cin\u00e9 Foundation 1275 Van Horne Avenue, app. 34 Montr\u00e9al (Qu\u00e9bec) H2V 1K5 CANADA [\/vc_column_text][\/vc_column][\/vc_row][vc_row section_type=&#8221;fullwidth&#8221; padding_top_multiplier=&#8221;2x&#8221; padding_bottom_multiplier=&#8221;&#8221;][vc_column width=&#8221;1\/2&#8243; rc_bg_type=&#8221;image&#8221; rc_bg_image=&#8221;3604&#8243;][\/vc_column][vc_column width=&#8221;1\/2&#8243; rc_bg_type=&#8221;image&#8221; rc_bg_image=&#8221;3527&#8243;][\/vc_column][\/vc_row]","og_url":"https:\/\/altercine.org\/en\/contact-us\/","og_site_name":"Alter-Cin\u00e9","article_publisher":"https:\/\/www.facebook.com\/cinemadoc\/","article_modified_time":"2025-11-20T14:47:09+00:00","og_image":[{"width":1200,"height":675,"url":"https:\/\/altercine.org\/wp-content\/uploads\/2025\/11\/share-altercine.jpg","type":"image\/jpeg"}],"twitter_card":"summary_large_image","twitter_misc":{"Est. reading time":"1 minute"},"schema":{"@context":"https:\/\/schema.org","@graph":[{"@type":"WebPage","@id":"https:\/\/altercine.org\/en\/contact-us\/","url":"https:\/\/altercine.org\/en\/contact-us\/","name":"Contact Us - Alter-Cin\u00e9","isPartOf":{"@id":"https:\/\/altercine.org\/en\/#website"},"datePublished":"2025-03-07T15:14:35+00:00","dateModified":"2025-11-20T14:47:09+00:00","breadcrumb":{"@id":"https:\/\/altercine.org\/en\/contact-us\/#breadcrumb"},"inLanguage":"en-US","potentialAction":[{"@type":"ReadAction","target":["https:\/\/altercine.org\/en\/contact-us\/"]}]},{"@type":"BreadcrumbList","@id":"https:\/\/altercine.org\/en\/contact-us\/#breadcrumb","itemListElement":[{"@type":"ListItem","position":1,"name":"Accueil","item":"https:\/\/altercine.org\/en\/"},{"@type":"ListItem","position":2,"name":"Contact Us"}]},{"@type":"WebSite","@id":"https:\/\/altercine.org\/en\/#website","url":"https:\/\/altercine.org\/en\/","name":"Alter-Cin\u00e9","description":"Fondation","publisher":{"@id":"https:\/\/altercine.org\/en\/#organization"},"alternateName":"Altercin\u00e9","potentialAction":[{"@type":"SearchAction","target":{"@type":"EntryPoint","urlTemplate":"https:\/\/altercine.org\/en\/?s={search_term_string}"},"query-input":{"@type":"PropertyValueSpecification","valueRequired":true,"valueName":"search_term_string"}}],"inLanguage":"en-US"},{"@type":"Organization","@id":"https:\/\/altercine.org\/en\/#organization","name":"Alter-Cin\u00e9","url":"https:\/\/altercine.org\/en\/","logo":{"@type":"ImageObject","inLanguage":"en-US","@id":"https:\/\/altercine.org\/en\/#\/schema\/logo\/image\/","url":"https:\/\/altercine.org\/wp-content\/uploads\/2025\/11\/share-altercine.jpg","contentUrl":"https:\/\/altercine.org\/wp-content\/uploads\/2025\/11\/share-altercine.jpg","width":1200,"height":675,"caption":"Alter-Cin\u00e9"},"image":{"@id":"https:\/\/altercine.org\/en\/#\/schema\/logo\/image\/"},"sameAs":["https:\/\/www.facebook.com\/cinemadoc\/"]}]}},"_links":{"self":[{"href":"https:\/\/altercine.org\/en\/wp-json\/wp\/v2\/pages\/2479","targetHints":{"allow":["GET"]}}],"collection":[{"href":"https:\/\/altercine.org\/en\/wp-json\/wp\/v2\/pages"}],"about":[{"href":"https:\/\/altercine.org\/en\/wp-json\/wp\/v2\/types\/page"}],"author":[{"embeddable":true,"href":"https:\/\/altercine.org\/en\/wp-json\/wp\/v2\/users\/1"}],"replies":[{"embeddable":true,"href":"https:\/\/altercine.org\/en\/wp-json\/wp\/v2\/comments?post=2479"}],"version-history":[{"count":8,"href":"https:\/\/altercine.org\/en\/wp-json\/wp\/v2\/pages\/2479\/revisions"}],"predecessor-version":[{"id":3611,"href":"https:\/\/altercine.org\/en\/wp-json\/wp\/v2\/pages\/2479\/revisions\/3611"}],"wp:attachment":[{"href":"https:\/\/altercine.org\/en\/wp-json\/wp\/v2\/media?parent=2479"}],"curies":[{"name":"wp","href":"https:\/\/api.w.org\/{rel}","templated":true}]}}